{"id":1094,"date":"2024-02-25T16:52:29","date_gmt":"2024-02-25T15:52:29","guid":{"rendered":"https:\/\/teslastoppen.noblogs.org\/?page_id=1094"},"modified":"2024-02-29T01:33:24","modified_gmt":"2024-02-29T00:33:24","slug":"machmit","status":"publish","type":"page","link":"https:\/\/teslastoppen.noblogs.org\/nl\/machmit\/","title":{"rendered":"Anreise"},"content":{"rendered":"\n<div class=\"wp-block-group alignfull is-layout-constrained wp-block-group-is-layout-constrained\" id=\"anreise\">\n<div class=\"wp-block-cover alignwide is-light\" style=\"margin-top:0;margin-bottom:0\"><span aria-hidden=\"true\" class=\"wp-block-cover__background has-white-background-color has-background-dim-100 has-background-dim\"><\/span><div class=\"wp-block-cover__inner-container is-layout-constrained wp-block-cover-is-layout-constrained\">\n<figure class=\"wp-block-image aligncenter size-medium is-resized has-custom-border is-style-default\"><img loading=\"lazy\" decoding=\"async\" width=\"300\" height=\"188\" src=\"https:\/\/teslastoppen.noblogs.org\/files\/2024\/02\/So-findet-ihr-uns-edited-300x188.png\" alt=\"\" class=\"wp-image-709\" style=\"border-style:none;border-width:0px;border-radius:0px;width:498px;height:auto\" srcset=\"https:\/\/teslastoppen.noblogs.org\/files\/2024\/02\/So-findet-ihr-uns-edited-300x188.png 300w, https:\/\/teslastoppen.noblogs.org\/files\/2024\/02\/So-findet-ihr-uns-edited-1024x640.png 1024w, https:\/\/teslastoppen.noblogs.org\/files\/2024\/02\/So-findet-ihr-uns-edited-768x480.png 768w, https:\/\/teslastoppen.noblogs.org\/files\/2024\/02\/So-findet-ihr-uns-edited.png 1080w\" sizes=\"auto, (max-width: 300px) 100vw, 300px\" \/><\/figure>\n\n\n\n<p class=\"has-black-color has-text-color has-link-color wp-elements-69d68df64a21884109be40c865500c88\">Der Wald liegt direkt am Bahnhof Fangschleuse.<br>Der Zug RE1 f\u00e4hrt eine halbe Stunde zum Bahnhof Fangschleuse.<br>Der Zielbahnhof vom Zug RE1 ist Frankfurt (Oder).<br>Der Zug RE1 f\u00e4hrt zwei mal in der Stunde.<br><br>Alternativ f\u00e4hrt die S-Bahn bis Erkner.<br>Von Erkner f\u00e4hrt der Bus 429 zum Bahnhof Fangschleuse.<br><br>Fahrplan als <a href=\"https:\/\/www.dbregio-berlin-brandenburg.de\/resource\/blob\/5716926\/06184b61b5d6aadec44adcc926c3f753\/re1-data.pdf\" target=\"_blank\" rel=\"noreferrer noopener\">PDF<\/a>.<\/p>\n\n\n\n<div style=\"height:14px\" aria-hidden=\"true\" class=\"wp-block-spacer\"><\/div>\n\n\n\n<figure class=\"wp-block-image aligncenter size-large is-resized\"><img loading=\"lazy\" decoding=\"async\" width=\"1024\" height=\"724\" src=\"https:\/\/teslastoppen.noblogs.org\/files\/2024\/01\/1-1-1024x724.png\" alt=\"\" class=\"wp-image-236\" style=\"width:631px;height:auto\" srcset=\"https:\/\/teslastoppen.noblogs.org\/files\/2024\/01\/1-1-1024x724.png 1024w, https:\/\/teslastoppen.noblogs.org\/files\/2024\/01\/1-1-300x212.png 300w, https:\/\/teslastoppen.noblogs.org\/files\/2024\/01\/1-1-768x543.png 768w, https:\/\/teslastoppen.noblogs.org\/files\/2024\/01\/1-1-1536x1086.png 1536w, https:\/\/teslastoppen.noblogs.org\/files\/2024\/01\/1-1-1568x1109.png 1568w, https:\/\/teslastoppen.noblogs.org\/files\/2024\/01\/1-1.png 2000w\" sizes=\"auto, (max-width: 1024px) 100vw, 1024px\" \/><\/figure>\n\n\n\n<div style=\"height:7px\" aria-hidden=\"true\" class=\"wp-block-spacer\"><\/div>\n\n\n\n<h5 class=\"wp-block-heading has-black-color has-text-color has-link-color has-large-font-size wp-elements-4950e91129b205a775404368fcd81f45\" style=\"text-transform:none\">Informiere dich vorher \u00fcber die rechtliche Lage:<\/h5>\n\n\n\n<div class=\"wp-block-buttons is-layout-flex wp-block-buttons-is-layout-flex\">\n<div class=\"wp-block-button is-style-fill\"><a class=\"wp-block-button__link wp-element-button\" href=\"https:\/\/teslastoppen.noblogs.org\/legal\">Legal\/Rechtliches<\/a><\/div>\n<\/div>\n<\/div><\/div>\n<\/div>\n\n\n\n<div class=\"wp-block-group alignfull is-layout-constrained wp-block-group-is-layout-constrained\" id=\"anreise\"><\/div>\n\n\n\n<div class=\"wp-block-cover alignfull\" style=\"min-height:50px;aspect-ratio:unset;\"><span aria-hidden=\"true\" class=\"wp-block-cover__background has-background-dim-100 has-background-dim has-background-gradient\" style=\"background:linear-gradient(135deg,rgb(72,26,98) 0%,rgb(46,6,210) 100%)\"><\/span><div class=\"wp-block-cover__inner-container is-layout-constrained wp-block-cover-is-layout-constrained\">\n<div class=\"wp-block-columns is-layout-flex wp-container-core-columns-is-layout-28f84493 wp-block-columns-is-layout-flex\">\n<div class=\"wp-block-column is-vertically-aligned-center is-layout-flow wp-block-column-is-layout-flow\">\n<h3 class=\"wp-block-heading\">Weitere Informationen:<\/h3>\n<\/div>\n\n\n\n<div class=\"wp-block-column is-layout-flow wp-block-column-is-layout-flow\">\n<div class=\"wp-block-buttons is-layout-flex wp-block-buttons-is-layout-flex\">\n<div class=\"wp-block-button has-custom-width wp-block-button__width-75 has-custom-font-size has-large-font-size\"><a class=\"wp-block-button__link has-black-color has-white-background-color has-text-color has-background has-link-color wp-element-button\" href=\"https:\/\/teslastoppen.noblogs.org\/warum\" style=\"border-radius:4px\">klicke hier!<\/a><\/div>\n<\/div>\n<\/div>\n<\/div>\n<\/div><\/div>\n","protected":false},"excerpt":{"rendered":"","protected":false},"author":19658,"featured_media":0,"parent":0,"menu_order":0,"comment_status":"closed","ping_status":"closed","template":"wp-custom-template-leichte-sprache","meta":{"_locale":"nl_NL","_original_post":"https:\/\/teslastoppen.noblogs.org\/?page_id=2","footnotes":""},"class_list":["post-1094","page","type-page","status-publish","hentry","nl-NL"],"_links":{"self":[{"href":"https:\/\/teslastoppen.noblogs.org\/wp-json\/wp\/v2\/pages\/1094","targetHints":{"allow":["GET"]}}],"collection":[{"href":"https:\/\/teslastoppen.noblogs.org\/wp-json\/wp\/v2\/pages"}],"about":[{"href":"https:\/\/teslastoppen.noblogs.org\/wp-json\/wp\/v2\/types\/page"}],"author":[{"embeddable":true,"href":"https:\/\/teslastoppen.noblogs.org\/wp-json\/wp\/v2\/users\/19658"}],"replies":[{"embeddable":true,"href":"https:\/\/teslastoppen.noblogs.org\/wp-json\/wp\/v2\/comments?post=1094"}],"version-history":[{"count":2,"href":"https:\/\/teslastoppen.noblogs.org\/wp-json\/wp\/v2\/pages\/1094\/revisions"}],"predecessor-version":[{"id":1216,"href":"https:\/\/teslastoppen.noblogs.org\/wp-json\/wp\/v2\/pages\/1094\/revisions\/1216"}],"wp:attachment":[{"href":"https:\/\/teslastoppen.noblogs.org\/wp-json\/wp\/v2\/media?parent=1094"}],"curies":[{"name":"wp","href":"https:\/\/api.w.org\/{rel}","templated":true}]}}