{"id":1096,"date":"2024-02-25T19:30:53","date_gmt":"2024-02-25T18:30:53","guid":{"rendered":"https:\/\/teslastoppen.noblogs.org\/?page_id=1096"},"modified":"2024-11-21T16:19:14","modified_gmt":"2024-11-21T15:19:14","slug":"barrieren","status":"publish","type":"page","link":"https:\/\/teslastoppen.noblogs.org\/nl\/machmit\/barrieren\/","title":{"rendered":"Barrieren"},"content":{"rendered":"\n<p class=\"has-primary-color has-secondary-background-color has-text-color has-background has-link-color wp-elements-eba4d2eb40ed3127bf2b677e8424af43\">Dieser Beitrag wurde vor Start geschrieben.<br>Der Beitrag kann von der aktuellen Situation abweichen.<br>Wir versuchen, den Beitrag aktuell zu halten.<br>Wir schreiben das Datum von den letzten \u00c4nderungen.<br>Fragt unter <strong>015212873514<\/strong> oder <strong>@mawa_fangschleuse:catgirl.cloud<\/strong> (Element\/Matrix) nach der aktuellen Situation.<br>Fragt unter <strong><strong>015212873514<\/strong> oder <strong>@mawa_fangschleuse:catgirl.cloud<\/strong> <\/strong>(Element\/Matrix) nach speziellen Bed\u00fcrfnissen.<br>Ihr k\u00f6nnt Anmerkungen unter <strong><strong>015212873514<\/strong> oder <strong>@mawa_fangschleuse:catgirl.cloud<\/strong> <\/strong>(Element\/Matrix) melden.<\/p>\n\n\n\n<p class=\"has-primary-color has-secondary-background-color has-text-color has-background has-link-color wp-elements-b2669d9ecb5cdde5243d382a58b0fd8e\">Aktueller Stand: Vor Start<\/p>\n\n\n\n<p class=\"has-primary-color has-white-background-color has-text-color has-background has-link-color has-small-font-size wp-elements-c320e82ac0752c187acd041bbd56c6d3\">\u00dcberblick \u00fcber Barrieren:<br><\/p>\n\n\n\n<p class=\"has-primary-color has-white-background-color has-text-color has-background has-link-color has-small-font-size wp-elements-13520c1b4e972c589dd595f064d533c5\"><strong>Geh-Behinderungen \/ Rollstuhl<\/strong>: <br>Bahnhof Fangschleuse: (https:\/\/www.bahnhof.de\/fangschleuse\/ausstattung-barrierefreiheit) <br>Es gibt keine Treppen vom Bahnhof zum Wald-Eingang.<br>Von dem Wald-Eingang in den Wald ist ein Feld-Weg.<br>Regen weicht den Feld-Weg auf.<br>Die Wege werden m\u00f6glichst rollstuhlf\u00e4hig gehalten.<br>Vielleicht gibt es ein Baumhaus f\u00fcr Rollstuhl-Fahrer-*innen.<\/p>\n\n\n\n<p class=\"has-primary-color has-white-background-color has-text-color has-background has-link-color wp-elements-86784faea97bde3c19f06f325154ffc1\"><strong>Seh-Behinderungen<\/strong>: <br>Geplant ist:<br> &#8211; Ein Seil von dem Wald-Eingang in den Wald<\/p>\n\n\n\n<p class=\"has-primary-color has-white-background-color has-text-color has-background has-link-color wp-elements-23c52993365d13f31b157edcd6cec7e7\"><strong>Geb\u00e4rden-Sprache<\/strong>: <br>Geplant ist:<br> &#8211; Einen Kurs f\u00fcr einfache Geb\u00e4rden<br>Wir k\u00f6nnen in geschriebener Sprache kommunizieren.<\/p>\n\n\n\n<p class=\"has-primary-color has-white-background-color has-text-color has-background has-link-color wp-elements-a5fe6f7028e7223af7da6e4c8175d11d\"><strong>Ruhige Orte<\/strong>:<br>Brauchst du manchmal einen ruhigen Ort?<br>Das ist verst\u00e4ndlich.<br>Du kannst einen Spaziergang im Wald machen.<br>Du kannst auch eine Person mitnehmen.<br>Vielleicht gibt es ein Zelt im Wald.<\/p>\n\n\n\n<p class=\"has-primary-color has-white-background-color has-text-color has-background has-link-color wp-elements-ebcd2d14b00e271da74be6f4a9108f84\"><strong>Allergien \/ Unvertr\u00e4glichkeiten<\/strong>:<br>Der Wald hat Kiefern.<br>Es gibt auch andere B\u00e4ume.<br>Es gibt keine Kiefern-Prozessions-Spinner<br>Essen:<br> &#8211; Allergene-Liste \/ Unvertr\u00e4glichkeits-Liste<br> &#8211; Rede mit Menschen, die kochen<br> &#8211; Es kann zu Spuren kommen<br> &#8211; Fragt auch gerne bei <strong><strong>015212873514<\/strong> oder <strong>@mawa_fangschleuse:catgirl.cloud<\/strong> <\/strong>(Element\/Matrix) nach.<br><\/p>\n\n\n\n<p class=\"has-primary-color has-white-background-color has-text-color has-background has-link-color wp-elements-738b1e7aa6d8f4521491c4a864757ffe\"><strong>Klettern \/ H\u00f6henangst<\/strong>: <br>K\u00fcche hat eine Leiter.<br>Du kannst vor Ort klettern lernen.<br>Du musst nicht klettern k\u00f6nnen.<br>Du musst nicht klettern wollen.<br>Es gibt auch viel Anderes.<\/p>\n","protected":false},"excerpt":{"rendered":"<p>Dieser Beitrag wurde vor Start geschrieben.Der Beitrag kann von der aktuellen Situation abweichen.Wir versuchen, den Beitrag aktuell zu halten.Wir schreiben das Datum von den letzten \u00c4nderungen.Fragt unter 015212873514 oder @mawa_fangschleuse:catgirl.cloud (Element\/Matrix) nach der aktuellen Situation.Fragt unter 015212873514 oder @mawa_fangschleuse:catgirl.cloud (Element\/Matrix) nach speziellen Bed\u00fcrfnissen.Ihr k\u00f6nnt Anmerkungen unter 015212873514 oder @mawa_fangschleuse:catgirl.cloud (Element\/Matrix) melden. Aktueller Stand: Vor Start [&hellip;]<\/p>\n","protected":false},"author":19658,"featured_media":0,"parent":1094,"menu_order":0,"comment_status":"closed","ping_status":"closed","template":"wp-custom-template-leichte-sprache","meta":{"_locale":"nl_NL","_original_post":"https:\/\/teslastoppen.noblogs.org\/?page_id=816","footnotes":""},"class_list":["post-1096","page","type-page","status-publish","hentry","nl-NL"],"_links":{"self":[{"href":"https:\/\/teslastoppen.noblogs.org\/wp-json\/wp\/v2\/pages\/1096","targetHints":{"allow":["GET"]}}],"collection":[{"href":"https:\/\/teslastoppen.noblogs.org\/wp-json\/wp\/v2\/pages"}],"about":[{"href":"https:\/\/teslastoppen.noblogs.org\/wp-json\/wp\/v2\/types\/page"}],"author":[{"embeddable":true,"href":"https:\/\/teslastoppen.noblogs.org\/wp-json\/wp\/v2\/users\/19658"}],"replies":[{"embeddable":true,"href":"https:\/\/teslastoppen.noblogs.org\/wp-json\/wp\/v2\/comments?post=1096"}],"version-history":[{"count":7,"href":"https:\/\/teslastoppen.noblogs.org\/wp-json\/wp\/v2\/pages\/1096\/revisions"}],"predecessor-version":[{"id":1728,"href":"https:\/\/teslastoppen.noblogs.org\/wp-json\/wp\/v2\/pages\/1096\/revisions\/1728"}],"up":[{"embeddable":true,"href":"https:\/\/teslastoppen.noblogs.org\/wp-json\/wp\/v2\/pages\/1094"}],"wp:attachment":[{"href":"https:\/\/teslastoppen.noblogs.org\/wp-json\/wp\/v2\/media?parent=1096"}],"curies":[{"name":"wp","href":"https:\/\/api.w.org\/{rel}","templated":true}]}}