{"id":1111,"date":"2024-02-26T11:33:57","date_gmt":"2024-02-26T10:33:57","guid":{"rendered":"https:\/\/teslastoppen.noblogs.org\/?page_id=1111"},"modified":"2025-03-05T00:46:03","modified_gmt":"2025-03-04T23:46:03","slug":"legal","status":"publish","type":"page","link":"https:\/\/teslastoppen.noblogs.org\/nl\/legal\/","title":{"rendered":"Rechtliches\/Anti-Rep"},"content":{"rendered":"\n<p>Du hast Polizeikontakt:<br>\u2013 ruf bitte <strong>015510040586<\/strong> an<br>Du hast Fragen:<br>&#8211; ruf bitte <strong>015510040586<\/strong> an<br>&#8211; schreib eine Mail an gruenheide@systemli.org<br>Die Wald-Besetzung ist eine Versammlung.<br>Es gibt ein Recht auf Versammlungs-Freiheit.<br>Das hei\u00dft:<br>\u2013 Es ist legal, uns zu besuchen.<br>\u2013 Die Polizei darf euch nicht kontrollieren.<br>\u2013 Dies gilt auch f\u00fcr den Weg von oder zu uns.<br>\u2013 Die Polizei ignoriert das leider manchmal<br>Es gibt auch die Mahn-Wache.<br>Die Mahn-Wache ist eine andere Versammlung.<br>Die Mahn-Wache ist in der N\u00e4he vom Wald.<br>Es ist manchmal einfacher zur Mahn-Wache zu kommen.<br>Die Polizei kann unsere Versammlung aufl\u00f6sen.<br>Dann sind wir keine Versammlung mehr.<br>Wir halten hier die kapitalistische Zerst\u00f6rung auf.<br>Kapitalismus ist das (wirtschaftliche) System.<br>Das System st\u00f6rt unser Protest.<br>Das System will unseren Protest unterbinden.<br>Daf\u00fcr m\u00fcssen sie unsere Versammlung aufl\u00f6sen.<br>Das m\u00fcssen sie gut begr\u00fcnden.<br>Eine Aufl\u00f6sung:<br>\u2013 wird laut durchgesagt<br>\u2013 wird 3 mal wiederholt<br>Du darfst manchmal ohne Strafe den Ort verlassen.<br>Daf\u00fcr musst du vor der dritten Durch-Sage weggehen.<br>Solltest du bleiben:<br>\u2013 Ordnungs-Widgrigkeit<br>\u2013 kann zu Bu\u00df-Geld kommen<br>\u2013 R\u00e4umung (Die Polizei bringt dich aus dem Wald raus)<\/p>\n\n\n\n<p>&#8211; vielleicht Verurteilung wegen einer Straftat <br>Nach einer Aufl\u00f6sung kann es zur R\u00e4umung kommen. <br>Bei einer R\u00e4umung entfernt die Polizei unsere Baum-H\u00e4user. <br>Eine R\u00e4umung ist gewaltvoll. <br>Gehe nur mit Vorbereitung in eine R\u00e4umung. <br>Nach der R\u00e4umung kannst du Briefe kriegen. <br>Die Polizei schickt dir Briefe. <br>Wenn du einen Brief von von der Polizei kriegst:<\/p>\n\n\n\n<p>&#8211; schreib eine E-Mail an gruenheide@systemli.org<br>Wir unterst\u00fctzen dich.<\/p>\n","protected":false},"excerpt":{"rendered":"<p>Du hast Polizeikontakt:\u2013 ruf bitte 015510040586 anDu hast Fragen:&#8211; ruf bitte 015510040586 an&#8211; schreib eine Mail an gruenheide@systemli.orgDie Wald-Besetzung ist eine Versammlung.Es gibt ein Recht auf Versammlungs-Freiheit.Das hei\u00dft:\u2013 Es ist legal, uns zu besuchen.\u2013 Die Polizei darf euch nicht kontrollieren.\u2013 Dies gilt auch f\u00fcr den Weg von oder zu uns.\u2013 Die Polizei ignoriert das leider [&hellip;]<\/p>\n","protected":false},"author":19658,"featured_media":0,"parent":0,"menu_order":0,"comment_status":"closed","ping_status":"closed","template":"wp-custom-template-leichte-sprache","meta":{"_locale":"nl_NL","_original_post":"https:\/\/teslastoppen.noblogs.org\/?page_id=370","footnotes":""},"class_list":["post-1111","page","type-page","status-publish","hentry","nl-NL"],"_links":{"self":[{"href":"https:\/\/teslastoppen.noblogs.org\/wp-json\/wp\/v2\/pages\/1111","targetHints":{"allow":["GET"]}}],"collection":[{"href":"https:\/\/teslastoppen.noblogs.org\/wp-json\/wp\/v2\/pages"}],"about":[{"href":"https:\/\/teslastoppen.noblogs.org\/wp-json\/wp\/v2\/types\/page"}],"author":[{"embeddable":true,"href":"https:\/\/teslastoppen.noblogs.org\/wp-json\/wp\/v2\/users\/19658"}],"replies":[{"embeddable":true,"href":"https:\/\/teslastoppen.noblogs.org\/wp-json\/wp\/v2\/comments?post=1111"}],"version-history":[{"count":6,"href":"https:\/\/teslastoppen.noblogs.org\/wp-json\/wp\/v2\/pages\/1111\/revisions"}],"predecessor-version":[{"id":2333,"href":"https:\/\/teslastoppen.noblogs.org\/wp-json\/wp\/v2\/pages\/1111\/revisions\/2333"}],"wp:attachment":[{"href":"https:\/\/teslastoppen.noblogs.org\/wp-json\/wp\/v2\/media?parent=1111"}],"curies":[{"name":"wp","href":"https:\/\/api.w.org\/{rel}","templated":true}]}}