{"id":1117,"date":"2024-02-26T11:39:29","date_gmt":"2024-02-26T10:39:29","guid":{"rendered":"https:\/\/teslastoppen.noblogs.org\/?page_id=1117"},"modified":"2024-11-21T17:06:18","modified_gmt":"2024-11-21T16:06:18","slug":"tesla-stoppen","status":"publish","type":"page","link":"https:\/\/teslastoppen.noblogs.org\/","title":{"rendered":"Tesla stoppen!"},"content":{"rendered":"\n<p>Noch <strong>nicht<\/strong> auf Leichte Sprache \u00fcbersetzt<br>Hier gibt es keine aktuellen Infos.<br>Der Wasserwald wurde am 20.11.2024 ger\u00e4umt.<\/p>\n\n\n\n<figure class=\"wp-block-image size-large\"><img loading=\"lazy\" decoding=\"async\" width=\"1024\" height=\"533\" src=\"https:\/\/teslastoppen.noblogs.org\/files\/2024\/03\/Grunheide29.-Februar-2024_053-1-1024x533.jpg\" alt=\"\" class=\"wp-image-1384\" srcset=\"https:\/\/teslastoppen.noblogs.org\/files\/2024\/03\/Grunheide29.-Februar-2024_053-1-1024x533.jpg 1024w, https:\/\/teslastoppen.noblogs.org\/files\/2024\/03\/Grunheide29.-Februar-2024_053-1-300x156.jpg 300w, https:\/\/teslastoppen.noblogs.org\/files\/2024\/03\/Grunheide29.-Februar-2024_053-1-768x400.jpg 768w, https:\/\/teslastoppen.noblogs.org\/files\/2024\/03\/Grunheide29.-Februar-2024_053-1-1536x800.jpg 1536w, https:\/\/teslastoppen.noblogs.org\/files\/2024\/03\/Grunheide29.-Februar-2024_053-1-2048x1066.jpg 2048w\" sizes=\"auto, (max-width: 1024px) 100vw, 1024px\" \/><\/figure>\n\n\n\n<div class=\"wp-block-group is-layout-constrained wp-block-group-is-layout-constrained\" style=\"margin-top:0;margin-bottom:0;padding-top:0;padding-bottom:0\">\n<h1 class=\"wp-block-heading alignwide has-text-align-left has-foreground-color has-text-color has-background has-link-color wp-elements-71e913759f4c2cf928dff95971edd9d5\" style=\"background-color:#ffffffd6;margin-top:0;margin-right:0;margin-bottom:0;margin-left:0;padding-top:var(--wp--preset--spacing--40);padding-right:0;padding-bottom:var(--wp--preset--spacing--40);padding-left:0;font-size:87px;font-style:normal;font-weight:700;text-transform:uppercase\"><strong>Gemeinsam gegen<\/strong><br><strong>Teslas Zerst\u00f6rung!<\/strong><\/h1>\n\n\n\n<p><\/p>\n<\/div>\n\n\n\n<div class=\"wp-block-group is-layout-constrained wp-block-group-is-layout-constrained\">\n<div class=\"wp-block-group alignfull has-primary-color has-text-color has-background has-link-color wp-elements-e192e862369ad4f83396c025bd27e216 is-layout-constrained wp-container-core-group-is-layout-9b6b1e20 wp-block-group-is-layout-constrained\" style=\"background-color:#ffffffb8\">\n<p>Wir stehen der Erweiterung der Tesla-Autofabrik im Weg. In einem Wasserschutzgebiet sollen Autos f\u00fcr ein kapitalistisches &#8220;weiter so&#8221; produziert werden &#8211; eine Autobahn in die soziale Klimakatastrophe. Hier erleben wir, wie die Profite von einem Giga-Konzern \u00fcber die Bed\u00fcrfnisse von Menschen gestellt werden, wenn Ressourcen wie Wasser knapp werden.<br>F\u00fcr eine Welt, in der alle Menschen gut leben k\u00f6nnen!<\/p>\n\n\n\n<blockquote class=\"wp-block-quote is-layout-flow wp-block-quote-is-layout-flow\">\n<p>Ich bin hier, weil ich noch Hoffnung habe, dass wir uns nicht alles von Mega-Konzernen gefallen lassen m\u00fcssen. In Gr\u00fcnheide wird deutlich, wie im Kapitalismus Interessen von Konzernen \u00fcber die Bed\u00fcrfnisse von Menschen gestellt werden.<\/p>\n\n\n\n<p>Inzwischen wissen wir alle, dass wir etwas gegen die Klimakrise tun m\u00fcssen. Dabei k\u00f6nnen wir uns nicht auf globale Mega-Konzerne verlassen, die hier und im Globalen S\u00fcden Menschen und Umwelt ausbeuten, sondern m\u00fcssen selbst Verantwortung \u00fcbernehmen und ins Handeln kommen.<\/p>\n\n\n\n<p>H\u00f6rt auf, auf Greenwashing reinzufallen! Das Interesse von Konzernen ist es, Dinge zu verkaufen. Sie werden euch alles erz\u00e4hlen, um Sachen verkaufen zu k\u00f6nnen. E-Autos retten nur die Automobilindustrie, sie retten nicht das Klima!<\/p>\n\n\n\n<p>Es gibt mir Hoffnung, dass wir Teil einer gro\u00dfen Bewegung sind, die sich gegen die Ausbeutung durch kapitalistische Konzerne stellt.<\/p>\n<cite>Caro Weber, aktiv in der Wasserbesetzung<\/cite><\/blockquote>\n\n\n\n<figure class=\"wp-block-pullquote has-small-font-size\"><blockquote><p><span class=\"css-1qaijid r-bcqeeo r-qvutc0 r-poiln3\">klar gibt es in Tesla-Werken st\u00e4ndig Arbeitsunf\u00e4lle, aber man muss Elon Musk zugutehalten, dass daf\u00fcr seine Autos auf der Stra\u00dfe auch st\u00e4ndig Menschen \u00fcberfahren, es ist also alles g<\/span>ut<\/p><cite>el hotzo<\/cite><\/blockquote><\/figure>\n\n\n\n<p>Gemeinsam stoppen wir in Gr\u00fcnheide die Zerst\u00f6rung durch Tesla!<\/p>\n<\/div>\n<\/div>\n\n\n\n<div class=\"wp-block-group is-layout-constrained wp-block-group-is-layout-constrained\">\n<div class=\"wp-block-buttons alignfull has-custom-font-size is-content-justification-left is-layout-flex wp-container-core-buttons-is-layout-fc4fd283 wp-block-buttons-is-layout-flex\" style=\"font-size:20px\">\n<div class=\"wp-block-button\"><a class=\"wp-block-button__link wp-element-button\" href=\"https:\/\/teslastoppen.noblogs.org\/machmit\/\">Mach mit!<\/a><\/div>\n\n\n\n<div class=\"wp-block-button\"><a class=\"wp-block-button__link wp-element-button\" href=\"https:\/\/teslastoppen.noblogs.org\/warum\/\">Warum?<\/a><\/div>\n\n\n\n<div class=\"wp-block-button\"><a class=\"wp-block-button__link wp-element-button\" href=\"https:\/\/teslastoppen.noblogs.org\/legal\/\">Legal<\/a><\/div>\n\n\n\n<div class=\"wp-block-button\"><a class=\"wp-block-button__link wp-element-button\" href=\"https:\/\/teslastoppen.noblogs.org\/news\/\">News<\/a><\/div>\n\n\n\n<div class=\"wp-block-button\"><a class=\"wp-block-button__link has-text-align-left wp-element-button\" href=\"https:\/\/teslastoppen.noblogs.org\/presse\/\">Presse<\/a><\/div>\n\n\n\n<div class=\"wp-block-button\"><a class=\"wp-block-button__link wp-element-button\" href=\"https:\/\/teslastoppen.noblogs.org\/kontakt\/\">Kontakt<\/a><\/div>\n\n\n\n<div class=\"wp-block-button\"><a class=\"wp-block-button__link wp-element-button\" href=\"https:\/\/teslastoppen.noblogs.org\/en-GB\">English<\/a><\/div>\n<\/div>\n<\/div>\n\n\n\n<p><\/p>\n","protected":false},"excerpt":{"rendered":"<p>Noch nicht auf Leichte Sprache \u00fcbersetztHier gibt es keine aktuellen Infos.Der Wasserwald wurde am 20.11.2024 ger\u00e4umt. Gemeinsam gegenTeslas Zerst\u00f6rung! Wir stehen der Erweiterung der Tesla-Autofabrik im Weg. In einem Wasserschutzgebiet sollen Autos f\u00fcr ein kapitalistisches &#8220;weiter so&#8221; produziert werden &#8211; eine Autobahn in die soziale Klimakatastrophe. Hier erleben wir, wie die Profite von einem Giga-Konzern [&hellip;]<\/p>\n","protected":false},"author":19658,"featured_media":0,"parent":0,"menu_order":0,"comment_status":"closed","ping_status":"closed","template":"wp-custom-template-leichte-sprache","meta":{"_locale":"nl_NL","_original_post":"https:\/\/teslastoppen.noblogs.org\/?page_id=38","footnotes":""},"class_list":["post-1117","page","type-page","status-publish","hentry","nl-NL"],"_links":{"self":[{"href":"https:\/\/teslastoppen.noblogs.org\/wp-json\/wp\/v2\/pages\/1117","targetHints":{"allow":["GET"]}}],"collection":[{"href":"https:\/\/teslastoppen.noblogs.org\/wp-json\/wp\/v2\/pages"}],"about":[{"href":"https:\/\/teslastoppen.noblogs.org\/wp-json\/wp\/v2\/types\/page"}],"author":[{"embeddable":true,"href":"https:\/\/teslastoppen.noblogs.org\/wp-json\/wp\/v2\/users\/19658"}],"replies":[{"embeddable":true,"href":"https:\/\/teslastoppen.noblogs.org\/wp-json\/wp\/v2\/comments?post=1117"}],"version-history":[{"count":7,"href":"https:\/\/teslastoppen.noblogs.org\/wp-json\/wp\/v2\/pages\/1117\/revisions"}],"predecessor-version":[{"id":2291,"href":"https:\/\/teslastoppen.noblogs.org\/wp-json\/wp\/v2\/pages\/1117\/revisions\/2291"}],"wp:attachment":[{"href":"https:\/\/teslastoppen.noblogs.org\/wp-json\/wp\/v2\/media?parent=1117"}],"curies":[{"name":"wp","href":"https:\/\/api.w.org\/{rel}","templated":true}]}}