{"id":1232,"date":"2024-02-29T09:06:36","date_gmt":"2024-02-29T08:06:36","guid":{"rendered":"https:\/\/teslastoppen.noblogs.org\/?page_id=1232"},"modified":"2024-03-01T12:48:22","modified_gmt":"2024-03-01T11:48:22","slug":"spenden","status":"publish","type":"page","link":"https:\/\/teslastoppen.noblogs.org\/nl\/spenden\/","title":{"rendered":"Spenden"},"content":{"rendered":"\n<p>Noch <strong>nicht<\/strong> auf Leichte Sprache \u00fcbersetzt!<\/p>\n\n\n\n<h4 class=\"wp-block-heading\">Geldspenden<\/h4>\n\n\n\n<p class=\"has-primary-color has-secondary-background-color has-text-color has-background has-link-color wp-elements-488762efb4173d077751c7dffc848214\">Konto: Spenden&amp;Aktionen<br>IBAN: DE29 5139 0000 0092 8818 06<br>BIC: VBMHDE5F<br>Verwendungszweck: Tesla stoppen (unbeding Notwendig)<br><\/p>\n\n\n\n<h4 class=\"wp-block-heading\">Spendeninspiration<\/h4>\n\n\n\n<p>Im Moment wird vor allem das gebraucht:<\/p>\n\n\n\n<ul class=\"wp-block-list\">\n<li>S\u00e4gesp\u00e4ne f\u00fcr die Klos<\/li>\n\n\n\n<li>Planen<\/li>\n\n\n\n<li>Kaninchendraht<\/li>\n\n\n\n<li>ein paar Wasserkanister (f\u00fcr Trinkwasser)<\/li>\n\n\n\n<li>Erste Hilfe- Sets<\/li>\n\n\n\n<li>Bauholz<\/li>\n\n\n\n<li>warme Klamotten, Schlafs\u00e4cke<\/li>\n\n\n\n<li>Eimer (gerne mit Deckel)<\/li>\n\n\n\n<li>Armbanduhren<\/li>\n\n\n\n<li>stabile M\u00fcllt\u00fcten<\/li>\n<\/ul>\n\n\n\n<p>So ganz generell hier eine Liste an Dingen die f\u00fcr eine Waldbesetzung praktisch sein k\u00f6nnten (Liste von der Hambi Besetzung aus dem Reinland):<\/p>\n\n\n\n<h5 class=\"wp-block-heading\" id=\"baumaterial-und-werkzeug\">Baumaterial und Werkzeug<\/h5>\n\n\n\n<p>Fenster, <strong>Bau-Holz<\/strong>, <strong>Kanth\u00f6lzer<\/strong>, Messer, \u00c4xte, <strong>Brechstangen<\/strong>, Schrauben, N\u00e4gel (kurz: ca. 5cm, lang: ca 20cm), Hammer, Akkubetriebenes Werkzeug, Handwerkzeug, <strong>Panzertape<\/strong>, Spitzhacken, Schaufeln, Bauschaum, Bitumen,<\/p>\n\n\n\n<h5 class=\"wp-block-heading\" id=\"Essen\">Essen<\/h5>\n\n\n\n<p><strong>vegan<\/strong>, idealerweise regional und Palm\u00f6lfrei, zB<\/p>\n\n\n\n<p>N\u00fcsse, Knoblauch, Ingwer, Gew\u00fcrze (am besten in gro\u00dfen, wiederverschlie\u00dfbaren Beh\u00e4ltern), \u00d6l zum Braten und f\u00fcr Salat, Grundnahrungsmittel (Nudeln, Reis, Linsen\u2026), Konserven (passierte Tomaten, Bohnen, Kichererbsen\u2026), sonstiges lang haltbares Essen, das m\u00f6glichst wenig (am besten kein) Wasser zur Zubereitung braucht, vegane Schokolade, Kaffee (hier besonders auf die Lieferkette achten), Flaschenwasser f\u00fcr den R\u00e4umungsfall (5l)<\/p>\n\n\n\n<h5 class=\"wp-block-heading\" id=\"hygiene-medizin\"><strong>H<\/strong>ygiene\/Medizin<\/h5>\n\n\n\n<p>Teebaum- und Kokos\u00f6l, vegane Hygienemittel (Zahnpasta, Seife), Hautdesinfektionsmittel, Wunddesinfektionsmittel, Toilettenpapier, Erste-Hilfe-Sets, Rasierklingen,&nbsp; Wund- und Heilsalbe, vegane Halstabletten, vegane Kondome. Tampons oder Binden, einige (originalverpackte) <a href=\"https:\/\/rubycup.com\/de\/\">Mooncups<\/a><\/p>\n\n\n\n<h5 class=\"wp-block-heading\" id=\"Campingbedarf\">Campingbedarf<\/h5>\n\n\n\n<p>T\u00f6pfe und Pfannen in allen Gr\u00f6\u00dfen, Geschirr, (winterfeste) Schlafs\u00e4cke, Decken, Planen, Zelte, Matratzen, <strong>Isomatten<\/strong>, Rucks\u00e4cke und Bauchtaschen, Isomatten, Gaskocher, Gaskartuschen, Propangas und Feuerzeuggas, wasserdichte Schuhe, Messer, \u00f6kologisches Geschirrsp\u00fclmittel, Campinglampen<\/p>\n\n\n\n<h5 class=\"wp-block-heading\" id=\"Kleidung\">Kleidung<\/h5>\n\n\n\n<p>warme Socken, Winterjacken, Hosen, Thermounterw\u00e4sche, Pullover, Skihosen, Schuhe (Wanderschuhe, Sportschuhe, Sneaker, \u2026), Unterw\u00e4sche, T-shirts, Handschuhe, M\u00fctzen, Schals<\/p>\n\n\n\n<h5 class=\"wp-block-heading\" id=\"Klettermaterial\">Klettermaterial<\/h5>\n\n\n\n<p>Klettergurte, 6mm-Reepschnur, Schraubkarabiner, Abseilachter, 11mm-Kletterseil (statisch\/halbstatisch), Bandschlingen, Seilrollen, 9-\/10-mm Kletterseil (dynamisch), Schraubglieder, Sch\u00e4kel, Einwurfs\u00e4cke und Wurfleine, Polyprop-Seil (8 bis 14 mm)(bitte vorher absprechen)<br><strong>gebrauchtes Klettermaterial bitte immer beschriften:<\/strong> mit Art, Kaufzeitpunkt, Nutzungsdauer und -intensit\u00e4t (Zettel dran, nicht direkt draufschreiben).<\/p>\n\n\n\n<h5 class=\"wp-block-heading\" id=\"elektronische-ger\u00e4te\">Elektronische Ger\u00e4te<\/h5>\n\n\n\n<p>Powerbanks, Handys, Walkie-Talkies, bereits freigeschaltete Sim-Karten, Digitalkameras, Kopflampen, Photovoltaikbedarf (Photovoltalikmodule (auch besch\u00e4digt), Solarwechselrichter (f\u00fcr Inselanlagen, kein Einspeise-Richter), passende Kabel und Laderegler, aufladbare Batterien (AAA, AA, alte aber funktionierende LKW oder Autobatterien, \u2026), Spannungsanzeigen f\u00fcr Autobatterien, USB-Sticks und externe Festplatten, Radios, Nachtsichtger\u00e4te, Sirenen (Hand- oder 12V-Sirenen)<br>Wifi\/Router, 1 Richtfunkantenne, kleine Solarpanels f\u00fcr Freifunk in den Besetzungen,<\/p>\n\n\n\n<h5 class=\"wp-block-heading\">Fahrr\u00e4der und Reparatur-Werkzeug<\/h5>\n\n\n\n<p>Fahrr\u00e4der, Pumpen, Fahrradschl\u00e4uche, gro\u00dfe und weite B\u00fcgelschl\u00f6sser, Kettennietdr\u00fccker, Schl\u00fcssel (15er und 13er flacher Ringschl\u00fcssel, 14er Rohrsteckschl\u00fcssel, gekr\u00f6pfter Ringschl\u00fcssel 8, 9 und 10, Gabelschl\u00fcssel 8, 9 und 10), Flickzeug vor allem <strong>Vulkanisierungspaste<\/strong><\/p>\n\n\n\n<h5 class=\"wp-block-heading\" id=\"Sonstiges\">Sonstiges<\/h5>\n\n\n\n<p>Sekundenkleber, Schubkarren, Fahrradanh\u00e4nger, Papier\/Bl\u00f6cke, Eddings und andere Stifte, Farbe, Pinsel, Spr\u00fchfarbe, Bettlaken, Sicherheitsnadeln, N\u00e4hzeug, Schlaucht\u00fccher, Tarnkleidung, Ferngl\u00e4ser, gro\u00dfe und kleine Kisten zur Lebensmittelaufbewahrung, trinkwassergeeignete Wasserkanister in allen Gr\u00f6\u00dfen (10-1000l), Teppiche<\/p>\n\n\n\n<h5 class=\"wp-block-heading\" id=\"Nutzlos\">F\u00fcr uns Nutzloser Kram<\/h5>\n\n\n\n<p>Kinderklamotten, High Heels etc. sind im Umsonstladen in eurer Stadt besser aufgehoben als im Wald.<br>Und: wir lieben altes und gebrauchtes, aber keinen M\u00fcll. Dinge sollten noch ihren Zweck erf\u00fcllen k\u00f6nnen \ud83d\ude42<\/p>\n","protected":false},"excerpt":{"rendered":"<p>Noch nicht auf Leichte Sprache \u00fcbersetzt! Geldspenden Konto: Spenden&amp;AktionenIBAN: DE29 5139 0000 0092 8818 06BIC: VBMHDE5FVerwendungszweck: Tesla stoppen (unbeding Notwendig) Spendeninspiration Im Moment wird vor allem das gebraucht: So ganz generell hier eine Liste an Dingen die f\u00fcr eine Waldbesetzung praktisch sein k\u00f6nnten (Liste von der Hambi Besetzung aus dem Reinland): Baumaterial und Werkzeug Fenster, [&hellip;]<\/p>\n","protected":false},"author":19658,"featured_media":0,"parent":0,"menu_order":0,"comment_status":"closed","ping_status":"closed","template":"","meta":{"_locale":"nl_NL","_original_post":"https:\/\/teslastoppen.noblogs.org\/?page_id=1227","footnotes":""},"class_list":["post-1232","page","type-page","status-publish","hentry","nl-NL"],"_links":{"self":[{"href":"https:\/\/teslastoppen.noblogs.org\/wp-json\/wp\/v2\/pages\/1232","targetHints":{"allow":["GET"]}}],"collection":[{"href":"https:\/\/teslastoppen.noblogs.org\/wp-json\/wp\/v2\/pages"}],"about":[{"href":"https:\/\/teslastoppen.noblogs.org\/wp-json\/wp\/v2\/types\/page"}],"author":[{"embeddable":true,"href":"https:\/\/teslastoppen.noblogs.org\/wp-json\/wp\/v2\/users\/19658"}],"replies":[{"embeddable":true,"href":"https:\/\/teslastoppen.noblogs.org\/wp-json\/wp\/v2\/comments?post=1232"}],"version-history":[{"count":4,"href":"https:\/\/teslastoppen.noblogs.org\/wp-json\/wp\/v2\/pages\/1232\/revisions"}],"predecessor-version":[{"id":1333,"href":"https:\/\/teslastoppen.noblogs.org\/wp-json\/wp\/v2\/pages\/1232\/revisions\/1333"}],"wp:attachment":[{"href":"https:\/\/teslastoppen.noblogs.org\/wp-json\/wp\/v2\/media?parent=1232"}],"curies":[{"name":"wp","href":"https:\/\/api.w.org\/{rel}","templated":true}]}}