{"id":1347,"date":"2024-03-01T15:30:21","date_gmt":"2024-03-01T14:30:21","guid":{"rendered":"https:\/\/teslastoppen.noblogs.org\/?page_id=1347"},"modified":"2024-03-01T15:36:44","modified_gmt":"2024-03-01T14:36:44","slug":"ticker","status":"publish","type":"page","link":"https:\/\/teslastoppen.noblogs.org\/nl\/ticker\/","title":{"rendered":"Ticker"},"content":{"rendered":"<ul class=\"has-dates has-authors has-excerpts wp-block-rss\"><li class='wp-block-rss__item'><div class='wp-block-rss__item-title'><a href='https:\/\/climatejustice.global\/@teslastoppen\/112852571658083113'>(geen titel)<\/a><\/div><time datetime=\"2024-07-26T13:33:06+02:00\" class=\"wp-block-rss__item-publish-date\">26. juli 2024<\/time> <div class=\"wp-block-rss__item-excerpt\">Samstag 27 7. Wir feiern unsern Wiedereinzug14:00 Uhr Waldspaziergang durch die BI Gr\u00fcnheideanschlie\u00dfend Kaffee, Tee und Kuchen im Wasserwald16:00 Uhr Sing along mit Lebenslaute\ud83c\udfb6: Unsere Freunde von Lebenslaute bringen ein paar leicht zu lernende (Widerstands)Lieder mit, Klavier und Akkordeon sind auch am Start \ud83e\ude97\ud83c\udfb9. Kommt dazu und bringt gerne weitere Instrumente und Liederideen mit \ud83c\udfb8\ud83c\udfb5\ud83c\udfbb\ud83e\ude87ab 17:30 Uhr Spielenachmittag: Wir lassen den Tag mit ein paar Spielen ausklingen: Werwolf, just one, magic, fake artist,&#8230; Bringt auch gerne Eure Lieblingsspiele und Kinder mit \ud83c\udfb2\ud83e\udd38<\/div><\/li><li class='wp-block-rss__item'><div class='wp-block-rss__item-title'><a href='https:\/\/climatejustice.global\/@teslastoppen\/112221180461747496'>(geen titel)<\/a><\/div><time datetime=\"2024-04-06T01:22:01+02:00\" class=\"wp-block-rss__item-publish-date\">6. april 2024<\/time> <div class=\"wp-block-rss__item-excerpt\">\ud83e\udd94Programm im Wald\ud83e\udd94WochenendeSamstag, 06.04.10:45 Yoga (am Plenumsort)ab 14 Uhr SiebdruckSonntag, 07.04.ab 14 Uhr Kaffee und Kuchen17 Uhr Konzert El KhatT\u00e4gliches Programm:9 Uhr Fr\u00fchst\u00fcck, 10 Uhr ToDo Plenum, 13 Uhr Kletterskillshare, 18 Uhr Onboarding (Informationene\/Einf\u00fchrung f\u00fcr neue Menschen), 19 Uhr Abendessen und Abendplenum\ud83e\udd94Program in the forest\ud83e\udd94WeekendSaturday, 06.04.10.45 am Yoga (at the plenary location)from 2 pm Screen printingSunday, 07.04.from 2 pm coffee and cake5 pm concert by El KhatDaily program:9 am breakfast, 10 am ToDo plenary, 1 pm climbing skillshare, 6 pm onboarding (information\/introduction for new people), 7 pm dinner and evening plenary<\/div><\/li><li class='wp-block-rss__item'><div class='wp-block-rss__item-title'><a href='https:\/\/climatejustice.global\/@teslastoppen\/112178668440991923'>(geen titel)<\/a><\/div><time datetime=\"2024-03-29T13:10:39+01:00\" class=\"wp-block-rss__item-publish-date\">29. maart 2024<\/time> <div class=\"wp-block-rss__item-excerpt\">\ud83d\udca7\ud83c\udf70Exchange and cake in the water occupation\ud83c\udf70\ud83d\udca7Program 29.03.From 2 pm- Coffee and cake- Citizens&#039; initiative Gr\u00fcnheide introduces itself- Information on the objection procedure against the renewed development plan5 pmSpring KaraokeThe initiative Gr\u00fcnheide and the Wasserwald are looking forward to meeting you and exchanging ideas.<\/div><\/li><li class='wp-block-rss__item'><div class='wp-block-rss__item-title'><a href='https:\/\/climatejustice.global\/@teslastoppen\/112178664026705994'>(geen titel)<\/a><\/div><time datetime=\"2024-03-29T13:09:31+01:00\" class=\"wp-block-rss__item-publish-date\">29. maart 2024<\/time> <div class=\"wp-block-rss__item-excerpt\">\ud83d\udca7\ud83c\udf70Austausch und Kuchen in der Wasserbesetzung\ud83c\udf70\ud83d\udca7Programm 29.03.\ud83d\udc99Car frei Tag\ud83d\udc99Ab 14 Uhr- Kaffe und Kuchen- B\u00fcrger*inneninitiative Gr\u00fcnheide stellt sich vor- Informationen zum Einwendungsverfahren gegen den erneuterten Bebauungsplan17 UhrFrische Freitags Fr\u00fchlings KaraokeDie BI Gr\u00fcnheide und der Wasserwald freuen sich auf Euch und gemeinsamen Austausch.<\/div><\/li><li class='wp-block-rss__item'><div class='wp-block-rss__item-title'><a href='https:\/\/climatejustice.global\/@teslastoppen\/112169979793449533'>(geen titel)<\/a><\/div><time datetime=\"2024-03-28T00:21:00+01:00\" class=\"wp-block-rss__item-publish-date\">28. maart 2024<\/time> <div class=\"wp-block-rss__item-excerpt\">\ud83e\udd94 Programm f\u00fcr den 28.03. \ud83e\udd9421 Uhr Konzert: Flash TarzanSeit Jahren schon bringt Flash Tarzan starke Stimmungen und Bilder auf Beats, nicht ohne dabei Wortwitz und Selbstironie zu vernachl\u00e4ssigen. Manchmal etwas sperrig, l\u00e4sst die Musik immer gen\u00fcgend Raum f\u00fcr die Vorstellungskraft der H\u00f6rer*innen und bietet breitgef\u00e4cherte Ankn\u00fcpfungspunkte. Mit pointiertem Stimmeinsatz und B\u00fchnenpr\u00e4senz merkt man dem Berliner Rapper seine Freude an Auftritten an, die er meist solo bestreitet. 2020 ver\u00f6ffentlichte das Luxbau Kombinat Member seine EP \u201ePlenum im Streichelcaf\u00e9\u201c und seitdem zahlreiche Singles.T\u00e4glich: 10:00 To Do Plenum, 13:00 Kletterskillshare, 19:00 Abendplenum, 9h &amp; 19h warmes Essen, 13:12 Brotzeit\ud83e\udd94 Program for 28.03 [&hellip;]<\/div><\/li><li class='wp-block-rss__item'><div class='wp-block-rss__item-title'><a href='https:\/\/climatejustice.global\/@teslastoppen\/112150811993375369'>(geen titel)<\/a><\/div><time datetime=\"2024-03-24T15:06:23+01:00\" class=\"wp-block-rss__item-publish-date\">24. maart 2024<\/time> <div class=\"wp-block-rss__item-excerpt\">Berxwedan J\u00eeyan e! Resistance is life! Newroz greetings from the water occupation. Newroz means the beginning of the new year for many people in the Middle East and around the world. Millions of people celebrated in Kurdistan the day before yesterday. We also sang the day before yesterday and sat around the (fire safety compliant) fire. The festival is a symbol of resistance. The fires lit on Newroz keep the people&#039;s fight against the destruction of their culture alive. The Kurdish freedom movement also began in Newroz. To this day, Kurds&#039; freedom aspirations are being massively attacked by the Turkish [&hellip;]<\/div><\/li><li class='wp-block-rss__item'><div class='wp-block-rss__item-title'><a href='https:\/\/climatejustice.global\/@teslastoppen\/112150809016213994'>(geen titel)<\/a><\/div><time datetime=\"2024-03-24T15:05:37+01:00\" class=\"wp-block-rss__item-publish-date\">24. maart 2024<\/time> <div class=\"wp-block-rss__item-excerpt\">Da Ausbeutung und Unterdr\u00fcckung weltweit organisiert sind, sind wir auch weltweit solidarisch. Wir verteidigen weiter den Wald und das Wasser in der Gr\u00fcnheide. Als Besetzung schicken wir internationalistische Gr\u00fc\u00dfe an alle Freiheitsk\u00e4mpfer*innen! \u00dcberall auf der Welt werden Feuer des Widerstands entfacht! Bij\u00ee Berxwedan! Newroz p\u00eeroz be!<\/div><\/li><li class='wp-block-rss__item'><div class='wp-block-rss__item-title'><a href='https:\/\/climatejustice.global\/@teslastoppen\/112150801889997148'>(geen titel)<\/a><\/div><time datetime=\"2024-03-24T15:03:49+01:00\" class=\"wp-block-rss__item-publish-date\">24. maart 2024<\/time> <div class=\"wp-block-rss__item-excerpt\">Berxwedan J\u00eeyan e! Widerstand ist Leben!Newroz-Gr\u00fc\u00dfe aus der Wasserbesetzung. Newroz bedeutet f\u00fcr viele Menschen im Mittleren Osten und weltweit den Beginn des neuen Jahres. In Kurdistan feierten vorgestern Millionen von Menschen. Auch wir haben vorgestern gesungen und sa\u00dfen ums (Brandschutz-konforme) Feuer. Das Fest ist ein Symbol des Widerstandes. Die Feuer, die an Newroz angez\u00fcndet werden, halten f\u00fcr die Menschen den Kampf gegen die Vernichtung ihrer Kultur lebendig. Auch die kurdische Freiheitsbewegung hat ihren Anfang an Newroz genommen. Bis heute werden die Freiheitsbestrebungen von Kurd*innen durch den t\u00fcrkischen Staat massiv angegriffen, zuletzt durch die neue Angriffswelle auf die Autonome Selbstverwaltung Nord- [&hellip;]<\/div><\/li><li class='wp-block-rss__item'><div class='wp-block-rss__item-title'><a href='https:\/\/climatejustice.global\/@teslastoppen\/112146288569335370'>(geen titel)<\/a><\/div><time datetime=\"2024-03-23T19:56:01+01:00\" class=\"wp-block-rss__item-publish-date\">23. maart 2024<\/time> <div class=\"wp-block-rss__item-excerpt\">\u2615\ufe0f\ud83e\uded6Kaffee und Kuchen \ud83c\udf70\ud83e\uddc1 im Wasserwald.Wir laden Euch alle herzlich ein am Sonntag mit uns ab 14 Uhr Tee und Kaffee zu trinken und (veganen) Kuchen und Kekse zu essen.F\u00fcr Essen und Trinken ist gesorgt. Ihr k\u00f6nnt auch gerne was mitbringen.Um 17 Uhr gibt es ein Konzert von @stanovsky Wir freuen uns auf Euch<\/div><\/li><li class='wp-block-rss__item'><div class='wp-block-rss__item-title'><a href='https:\/\/climatejustice.global\/@teslastoppen\/112141300747053304'>(geen titel)<\/a><\/div><time datetime=\"2024-03-22T22:47:33+01:00\" class=\"wp-block-rss__item-publish-date\">22. maart 2024<\/time> <div class=\"wp-block-rss__item-excerpt\">Neben unserem t\u00e4glichen Programm im Wald gibt es am Samstag, 23.03. noch zwei Specials \ud83c\udf33\ud83c\udf3214:00 \u2013 Workshop: \u201eRechte Ideologien in Umwelt- und Naturschutz\u201c20:30 \u2013 Kino und Q&amp;A mit Regisseurin Carmen Eckhardt: \u201eL\u00fctzerath. Gemeinsam f\u00fcr ein gutes Leben\u201cIn addition to our daily program in the forest, there are two specials happening on Saturday, 23.03. \ud83c\udf33\ud83c\udf3214:00 \u2013 Workshop: \u201cRight-wing ideologies in environmental protection and nature conservation\u201d20:30 \u2013 Movie and Q&amp;A with director Carmen Eckhardt:\u201cL\u00fctzerath. Gemeinsam f\u00fcr ein gutes Leben\u201d<\/div><\/li><li class='wp-block-rss__item'><div class='wp-block-rss__item-title'><a href='https:\/\/climatejustice.global\/@teslastoppen\/112134530593432546'>(geen titel)<\/a><\/div><time datetime=\"2024-03-21T18:05:48+01:00\" class=\"wp-block-rss__item-publish-date\">21. maart 2024<\/time> <div class=\"wp-block-rss__item-excerpt\">\ud83d\udccc PROGRAMM \u2764\ufe0f[DE] Ab Freitag, 22.03. t\u00e4glich im Wald \ud83c\udf32\ud83e\udd94\ud83c\udf33- 10h ToDo Plenum &#8211; 13h Kletterskillshare &#8211; 16h EA Sprechstunde &#8211; 19h Abendplenum &#8211; K\u00fcfa (K\u00fcche f\u00fcr alle): ca. 9h &amp; 19h warmes Essen, 13:12 BrotzeitWeiterhin finden Diskussionen, Vortr\u00e4ge, Filmabende und Konzerte etc. statt. Dar\u00fcber informieren wir selbstverst\u00e4ndlich auch hier &#8211; stay tuned \ud83d\udd25\ud83d\udca5[EN] From Friday, 22.03. daily in the forest \ud83c\udf32\ud83e\udd94\ud83c\udf33- 10h To do plenary &#8211; 13h Climbing skillshare &#8211; 16h Legal consultation hour &#8211; 19h Evening plenary &#8211; K\u00fcfa (Kitchen for everybody): approx. 9 AM &amp; 7 PM warm food, 13:12 snacksThere will be further discussions, lectures, movie [&hellip;]<\/div><\/li><li class='wp-block-rss__item'><div class='wp-block-rss__item-title'><a href='https:\/\/climatejustice.global\/@teslastoppen\/112130119086707615'>(geen titel)<\/a><\/div><time datetime=\"2024-03-20T23:23:54+01:00\" class=\"wp-block-rss__item-publish-date\">20. maart 2024<\/time> <div class=\"wp-block-rss__item-excerpt\">Programm f\u00fcr den 21.03. \ud83c\udf33\ud83c\udf3210h To Do Plenum 11:30 R\u00e4umungsskillshare 13h Kletterskillshare 16h EA Sprechstunde 19h Aktionsplenum 20:30 Kino: I am not your negro9:00 &amp; 19:00 Uhr warmes Essen, 13:12 Brotzeit Program for 21.03.24 \ud83c\udf33\ud83c\udf3210h To Do Plenum 11:30 Eviction skillshare 13h Climbing skillshare 16h Legal consultation hour 19h Action plenary 20:30 Cinema: I am not your negro9:00 AM &amp; 7:00 PM warm food, 13:12 Snacks #tesladenhahnabdrehen #teslastoppen #Disruptnow #waterisahumanright<\/div><\/li><li class='wp-block-rss__item'><div class='wp-block-rss__item-title'><a href='https:\/\/climatejustice.global\/@teslastoppen\/112127417343139467'>(geen titel)<\/a><\/div><time datetime=\"2024-03-20T11:56:49+01:00\" class=\"wp-block-rss__item-publish-date\">20. maart 2024<\/time> <div class=\"wp-block-rss__item-excerpt\">Programm f\u00fcr den 20.03.24 \ud83c\udf33\ud83c\udf3210h To Do Plenum13h Kletterskillshare15h R\u00e4umungsskillshare16h EA Sprechstunde19h Aktionsplenum20h Kneipenquiz9:00 &amp; 19:00 Uhr warmes Essen, 13:12 BrotzeitProgram for 20.03.24 \ud83c\udf33\ud83c\udf3210h To Do Plenum13h Climbing skillshare15h Eviction skillshare16h Legal consultation hour19h Action plenary20h Pub quiz9:00 AM &amp; 7:00 PM warm food, 13:12 Snacks#tesladenhahnabdrehen #teslastoppen #Disruptnow #waterisahumanright<\/div><\/li><li class='wp-block-rss__item'><div class='wp-block-rss__item-title'><a href='https:\/\/climatejustice.global\/@teslastoppen\/112126910001229198'>(geen titel)<\/a><\/div><time datetime=\"2024-03-20T09:47:47+01:00\" class=\"wp-block-rss__item-publish-date\">20. maart 2024<\/time> <div class=\"wp-block-rss__item-excerpt\">3\/3 We promise as long as we&#039;re alive No capitalists, dictators, Fascists,&#8230;etc. will be safe!We were the seeds and today we have roots deep in the ground \ud83d\udd25\u270a\ud83c\udffe<\/div><\/li><li class='wp-block-rss__item'><div class='wp-block-rss__item-title'><a href='https:\/\/climatejustice.global\/@teslastoppen\/112126906937859741'>(geen titel)<\/a><\/div><time datetime=\"2024-03-20T09:47:01+01:00\" class=\"wp-block-rss__item-publish-date\">20. maart 2024<\/time> <div class=\"wp-block-rss__item-excerpt\">2\/3If you need a hug @elonmusk , you won&#039;t get it from us! Ask Benzo and tell him we&#039;re on the way to him\ud83d\ude09\ud83c\udfc3\ud83c\udffd\u200d\u2640\ufe0f\ud83c\udfc3<\/div><\/li><li class='wp-block-rss__item'><div class='wp-block-rss__item-title'><a href='https:\/\/climatejustice.global\/@teslastoppen\/112126902543900770'>(geen titel)<\/a><\/div><time datetime=\"2024-03-20T09:45:54+01:00\" class=\"wp-block-rss__item-publish-date\">20. maart 2024<\/time> <div class=\"wp-block-rss__item-excerpt\">1\/3We got the permission officially to stay\ud83d\udd25 #WasserwaldbleibtWe think of Elon&#039;s mental health in these challenging times \ud83e\udd94We try to understand how difficult it is for elon as a rich white man to loose against the people&#039;s power\u270a\ud83c\udffe\ud83d\udd25Rest in Peace Elon \ud83e\udea6<\/div><\/li><li class='wp-block-rss__item'><div class='wp-block-rss__item-title'><a href='https:\/\/climatejustice.global\/@teslastoppen\/112126901375947068'>(geen titel)<\/a><\/div><time datetime=\"2024-03-20T09:45:36+01:00\" class=\"wp-block-rss__item-publish-date\">20. maart 2024<\/time> <div class=\"wp-block-rss__item-excerpt\">Die Wasserbesetzung hat vor Gericht gewonnen\ud83c\udf89 Auflagen wurden gekippt, das hei\u00dft:Wir bleiben alle! #TeslaStoppen<\/div><\/li><li class='wp-block-rss__item'><div class='wp-block-rss__item-title'><a href='https:\/\/climatejustice.global\/@teslastoppen\/112126854924742353'>(geen titel)<\/a><\/div><time datetime=\"2024-03-20T09:33:47+01:00\" class=\"wp-block-rss__item-publish-date\">20. maart 2024<\/time> <div class=\"wp-block-rss__item-excerpt\">Programm f\u00fcr den 20.03.24 \ud83c\udf33\ud83c\udf3210h To Do Plenum13h Kletterskillshare15h R\u00e4umungsskillshare16h EA Sprechstunde19h Aktionsplenum20h Kneipenquiz9:00 &amp; 19:00 Uhr warmes Essen, 13:12 BrotzeitProgram for 20th of March 24 \ud83c\udf33\ud83c\udf3210h To Do Plenum13h Climbing skillshare15h Eviction skillshare16h Legal consultation hour19h Action plenary20h Pub quiz9:00 AM &amp; 7:00 PM warm food, 13:12 Snacks#tesladenhahnabdrehen #teslastoppen #Disruptnow #waterisahumanright<\/div><\/li><li class='wp-block-rss__item'><div class='wp-block-rss__item-title'><a href='https:\/\/climatejustice.global\/@teslastoppen\/112121615609907538'>(geen titel)<\/a><\/div><time datetime=\"2024-03-19T11:21:21+01:00\" class=\"wp-block-rss__item-publish-date\">19. maart 2024<\/time> <div class=\"wp-block-rss__item-excerpt\">Programm f\u00fcr den 19.03.24 \ud83c\udf33\ud83c\udf3210:00 Uhr To Do Plenum11:30 Uhr R\u00e4umungsskillshare13:00 Uhr Kletterskillshare14:00 Uhr Pressekonferenz15:00 Uhr Speed Dating17:00 Uhr EA Sprechstunde19:00 Uhr Aktionsplenum9:00 &amp; 19:00 Uhr warmes Essen, 13:12 BrotzeitProgramm for 19.03.24 \ud83c\udf33\ud83c\udf3210:00 AM To Do Plenary11:30 AM Eviction Skillshare 1:00 PM Climbing Skillshare 2:00 PM Pressconference3:00 PM Speed Dating5:00 PM EA Consultation 7:00 PM Action Plenary9:00 AM &amp; 7:00 PM warm food, 13:12 Snacks#tesladenhahnabdrehen #teslastoppen #Disruptnow #waterisahumanright<\/div><\/li><li class='wp-block-rss__item'><div class='wp-block-rss__item-title'><a href='https:\/\/climatejustice.global\/@teslastoppen\/112116801692253187'>(geen titel)<\/a><\/div><time datetime=\"2024-03-18T14:57:07+01:00\" class=\"wp-block-rss__item-publish-date\">18. maart 2024<\/time> <div class=\"wp-block-rss__item-excerpt\">Programm f\u00fcr den 18.03.24 \u270a\ud83c\udfff\u270a\ud83c\udffdTAG DER POLITISCHEN GEFANGENEN \u270a\ud83c\udffc\u270a\ud83c\udffe10:00 Uhr To Do Plenum13:00 Uhr Kletter- und Traversenskillshare14:00 Uhr Diskussion: Wie k\u00f6nnen wir eine antikapitalistische Bewegung aufbauen?15:00 Uhr R\u00e4umungsskillshare16:00 Uhr EA Sprechstunde19:00 Uhr Abendplenum21:00 Uhr DJ set by Steppe9:00 &amp; 19:00 Uhr warmes Essen, 13:12 BrotzeitProgramm for 18.03.24 \u270a\ud83c\udfff\u270a\ud83c\udffd DAY OF THE POLITICAL PRISONERS \u270a\ud83c\udffc\u270a\ud83c\udffe10:00 AM To Do Plenary1:00 PM Climbing Skillshare 2:00 PM Discussion: How can we build an anticapitalist movement?3:00 PM Eviction Skillshare4:00 PM EA Consultation 7:00 PM Evening Plenary9:00 PM DJ set by Steppe9:00 AM &amp; 7:00 PM warm food, 13:12 Snacks#tesladenhahnabdrehen #teslastoppen #Disruptnow #waterisahumanright<\/div><\/li><\/ul>","protected":false},"excerpt":{"rendered":"","protected":false},"author":19658,"featured_media":0,"parent":0,"menu_order":0,"comment_status":"closed","ping_status":"closed","template":"wp-custom-template-leichte-sprache","meta":{"_locale":"nl_NL","_original_post":"https:\/\/teslastoppen.noblogs.org\/?page_id=308","footnotes":""},"class_list":["post-1347","page","type-page","status-publish","hentry","nl-NL"],"_links":{"self":[{"href":"https:\/\/teslastoppen.noblogs.org\/wp-json\/wp\/v2\/pages\/1347","targetHints":{"allow":["GET"]}}],"collection":[{"href":"https:\/\/teslastoppen.noblogs.org\/wp-json\/wp\/v2\/pages"}],"about":[{"href":"https:\/\/teslastoppen.noblogs.org\/wp-json\/wp\/v2\/types\/page"}],"author":[{"embeddable":true,"href":"https:\/\/teslastoppen.noblogs.org\/wp-json\/wp\/v2\/users\/19658"}],"replies":[{"embeddable":true,"href":"https:\/\/teslastoppen.noblogs.org\/wp-json\/wp\/v2\/comments?post=1347"}],"version-history":[{"count":1,"href":"https:\/\/teslastoppen.noblogs.org\/wp-json\/wp\/v2\/pages\/1347\/revisions"}],"predecessor-version":[{"id":1348,"href":"https:\/\/teslastoppen.noblogs.org\/wp-json\/wp\/v2\/pages\/1347\/revisions\/1348"}],"wp:attachment":[{"href":"https:\/\/teslastoppen.noblogs.org\/wp-json\/wp\/v2\/media?parent=1347"}],"curies":[{"name":"wp","href":"https:\/\/api.w.org\/{rel}","templated":true}]}}